{"id":2190,"date":"2026-02-18T18:27:59","date_gmt":"2026-02-18T18:27:59","guid":{"rendered":"https:\/\/fruk.si\/?page_id=2190"},"modified":"2026-02-28T17:23:18","modified_gmt":"2026-02-28T17:23:18","slug":"spa-wellness-transferji","status":"publish","type":"page","link":"https:\/\/fruk.si\/en\/spa-wellness-transferji\/","title":{"rendered":"Spa &amp; Wellness transfers"},"content":{"rendered":"<div data-elementor-type=\"wp-page\" data-elementor-id=\"2190\" class=\"elementor elementor-2190\">\n\t\t\t\t<div class=\"elementor-element elementor-element-13474762 e-flex e-con-boxed e-con e-parent\" data-id=\"13474762\" data-element_type=\"container\" data-e-type=\"container\" data-settings=\"{&quot;background_background&quot;:&quot;classic&quot;}\">\n\t\t\t\t\t<div class=\"e-con-inner\">\n\t\t<div class=\"elementor-element elementor-element-45c210ae e-con-full e-flex e-con e-child\" data-id=\"45c210ae\" data-element_type=\"container\" data-e-type=\"container\">\n\t\t\t\t<div class=\"elementor-element elementor-element-32eaec0e elementor-widget elementor-widget-heading\" data-id=\"32eaec0e\" data-element_type=\"widget\" data-e-type=\"widget\" data-widget_type=\"heading.default\">\n\t\t\t\t<div class=\"elementor-widget-container\">\n\t\t\t\t\t<h2 class=\"elementor-heading-title elementor-size-default\">Spa &amp; Wellness transfers<\/h2>\t\t\t\t<\/div>\n\t\t\t\t<\/div>\n\t\t<div class=\"elementor-element elementor-element-441ac64e e-con-full e-flex e-con e-child\" data-id=\"441ac64e\" data-element_type=\"container\" data-e-type=\"container\">\n\t\t\t\t<div class=\"elementor-element elementor-element-7cdeebdf elementor-widget__width-initial elementor-widget elementor-widget-heading\" data-id=\"7cdeebdf\" data-element_type=\"widget\" data-e-type=\"widget\" data-widget_type=\"heading.default\">\n\t\t\t\t<div class=\"elementor-widget-container\">\n\t\t\t\t\t<h5 class=\"elementor-heading-title elementor-size-default\"><br>Private, comfortable and reliable transfers for guests of spa and wellness centers across Slovenia and Central Europe.<\/h5>\t\t\t\t<\/div>\n\t\t\t\t<\/div>\n\t\t\t\t<\/div>\n\t\t\t\t<\/div>\n\t\t\t\t\t<\/div>\n\t\t\t\t<\/div>\n\t\t<div class=\"elementor-element elementor-element-6601ad17 e-flex e-con-boxed e-con e-parent\" data-id=\"6601ad17\" data-element_type=\"container\" data-e-type=\"container\" data-settings=\"{&quot;background_background&quot;:&quot;classic&quot;}\">\n\t\t\t\t\t<div class=\"e-con-inner\">\n\t\t<div class=\"elementor-element elementor-element-658e69e4 e-con-full e-flex e-con e-child\" data-id=\"658e69e4\" data-element_type=\"container\" data-e-type=\"container\">\n\t\t<div class=\"elementor-element elementor-element-14a14c6b e-con-full e-flex e-con e-child\" data-id=\"14a14c6b\" data-element_type=\"container\" data-e-type=\"container\">\n\t\t<div class=\"elementor-element elementor-element-59fa8182 e-con-full e-flex e-con e-child\" data-id=\"59fa8182\" data-element_type=\"container\" data-e-type=\"container\">\n\t\t\t\t<div class=\"elementor-element elementor-element-6354c2d8 elementor-widget elementor-widget-heading\" data-id=\"6354c2d8\" data-element_type=\"widget\" data-e-type=\"widget\" data-widget_type=\"heading.default\">\n\t\t\t\t<div class=\"elementor-widget-container\">\n\t\t\t\t\t<h3 class=\"elementor-heading-title elementor-size-default\">Specializirani prevozi<br> za goste zdravili\u0161\u010d in <br>wellness centrov<\/h3>\t\t\t\t<\/div>\n\t\t\t\t<\/div>\n\t\t\t\t<div class=\"elementor-element elementor-element-471d859a elementor-widget elementor-widget-text-editor\" data-id=\"471d859a\" data-element_type=\"widget\" data-e-type=\"widget\" data-widget_type=\"text-editor.default\">\n\t\t\t\t<div class=\"elementor-widget-container\">\n\t\t\t\t\t\t\t\t\t<p data-start=\"851\" data-end=\"1110\">We provide professional spa and wellness transfers for domestic and international guests traveling to spa destinations across Slovenia and Central Europe.<br data-start=\"981\" data-end=\"984\" \/>Our service is tailored for guests who value reliability, comfort, and a discreet premium experience from the very first interaction.<\/p><p data-start=\"1112\" data-end=\"1238\">We are especially focused on transfers to <strong data-start=\"1147\" data-end=\"1166\">Roga\u0161ka Slatina<\/strong> and on connecting spa resorts, hotels, and major European airports.<\/p>\t\t\t\t\t\t\t\t<\/div>\n\t\t\t\t<\/div>\n\t\t\t\t<\/div>\n\t\t<div class=\"elementor-element elementor-element-3b559b9e e-con-full e-flex e-con e-child\" data-id=\"3b559b9e\" data-element_type=\"container\" data-e-type=\"container\">\n\t\t\t\t<div class=\"elementor-element elementor-element-6a356f2a elementor-widget elementor-widget-image\" data-id=\"6a356f2a\" data-element_type=\"widget\" data-e-type=\"widget\" data-widget_type=\"image.default\">\n\t\t\t\t<div class=\"elementor-widget-container\">\n\t\t\t\t\t\t\t\t\t\t\t\t\t\t\t<img fetchpriority=\"high\" decoding=\"async\" width=\"1440\" height=\"2560\" src=\"https:\/\/fruk.si\/wp-content\/uploads\/2026\/02\/frames-for-your-heart-CsqHFS6ZXfM-unsplash-scaled.jpg\" class=\"attachment-full size-full wp-image-2210\" alt=\"frames for your heart csqhfs6zxfm unsplash\" srcset=\"https:\/\/fruk.si\/wp-content\/uploads\/2026\/02\/frames-for-your-heart-CsqHFS6ZXfM-unsplash-scaled.jpg 1440w, https:\/\/fruk.si\/wp-content\/uploads\/2026\/02\/frames-for-your-heart-CsqHFS6ZXfM-unsplash-169x300.jpg 169w, https:\/\/fruk.si\/wp-content\/uploads\/2026\/02\/frames-for-your-heart-CsqHFS6ZXfM-unsplash-576x1024.jpg 576w, https:\/\/fruk.si\/wp-content\/uploads\/2026\/02\/frames-for-your-heart-CsqHFS6ZXfM-unsplash-768x1365.jpg 768w, https:\/\/fruk.si\/wp-content\/uploads\/2026\/02\/frames-for-your-heart-CsqHFS6ZXfM-unsplash-864x1536.jpg 864w, https:\/\/fruk.si\/wp-content\/uploads\/2026\/02\/frames-for-your-heart-CsqHFS6ZXfM-unsplash-1152x2048.jpg 1152w, https:\/\/fruk.si\/wp-content\/uploads\/2026\/02\/frames-for-your-heart-CsqHFS6ZXfM-unsplash-7x12.jpg 7w\" sizes=\"(max-width: 1440px) 100vw, 1440px\" title=\"Spa &amp; Wellness transferji\">\t\t\t\t\t\t\t\t\t\t\t\t\t\t\t<\/div>\n\t\t\t\t<\/div>\n\t\t\t\t<\/div>\n\t\t\t\t<\/div>\n\t\t\t\t<\/div>\n\t\t\t\t\t<\/div>\n\t\t\t\t<\/div>\n\t\t<div class=\"elementor-element elementor-element-5494c222 e-flex e-con-boxed e-con e-parent\" data-id=\"5494c222\" data-element_type=\"container\" data-e-type=\"container\" data-settings=\"{&quot;background_background&quot;:&quot;classic&quot;}\">\n\t\t\t\t\t<div class=\"e-con-inner\">\n\t\t<div class=\"elementor-element elementor-element-38b64cea e-con-full e-flex e-con e-child\" data-id=\"38b64cea\" data-element_type=\"container\" data-e-type=\"container\">\n\t\t<div class=\"elementor-element elementor-element-3290e562 e-con-full e-flex e-con e-child\" data-id=\"3290e562\" data-element_type=\"container\" data-e-type=\"container\">\n\t\t<div class=\"elementor-element elementor-element-7f9aafaf e-con-full e-flex e-con e-child\" data-id=\"7f9aafaf\" data-element_type=\"container\" data-e-type=\"container\">\n\t\t\t\t<div class=\"elementor-element elementor-element-2becc16 elementor-widget elementor-widget-heading\" data-id=\"2becc16\" data-element_type=\"widget\" data-e-type=\"widget\" data-widget_type=\"heading.default\">\n\t\t\t\t<div class=\"elementor-widget-container\">\n\t\t\t\t\t<h3 class=\"elementor-heading-title elementor-size-default\">Specialized Spa &amp; Wellness transfers for spa and wellness guests<\/h3>\t\t\t\t<\/div>\n\t\t\t\t<\/div>\n\t\t\t\t<\/div>\n\t\t\t\t<\/div>\n\t\t<div class=\"elementor-element elementor-element-4cd52c22 e-con-full e-flex e-con e-child\" data-id=\"4cd52c22\" data-element_type=\"container\" data-e-type=\"container\">\n\t\t<div class=\"elementor-element elementor-element-6610549c e-con-full e-flex e-con e-child\" data-id=\"6610549c\" data-element_type=\"container\" data-e-type=\"container\">\n\t\t\t\t<div class=\"elementor-element elementor-element-54c5b2f8 elementor-widget-divider--view-line elementor-widget elementor-widget-divider\" data-id=\"54c5b2f8\" data-element_type=\"widget\" data-e-type=\"widget\" data-widget_type=\"divider.default\">\n\t\t\t\t<div class=\"elementor-widget-container\">\n\t\t\t\t\t\t\t<div class=\"elementor-divider\">\n\t\t\t<span class=\"elementor-divider-separator\">\n\t\t\t\t\t\t<\/span>\n\t\t<\/div>\n\t\t\t\t\t\t<\/div>\n\t\t\t\t<\/div>\n\t\t\t\t<div class=\"elementor-element elementor-element-3ee5ad5d elementor-widget elementor-widget-heading\" data-id=\"3ee5ad5d\" data-element_type=\"widget\" data-e-type=\"widget\" data-widget_type=\"heading.default\">\n\t\t\t\t<div class=\"elementor-widget-container\">\n\t\t\t\t\t<h4 class=\"elementor-heading-title elementor-size-default\">Airport Spa &amp; Wellness transfers<\/h4>\t\t\t\t<\/div>\n\t\t\t\t<\/div>\n\t\t\t\t<div class=\"elementor-element elementor-element-5d4df610 elementor-widget elementor-widget-text-editor\" data-id=\"5d4df610\" data-element_type=\"widget\" data-e-type=\"widget\" data-widget_type=\"text-editor.default\">\n\t\t\t\t<div class=\"elementor-widget-container\">\n\t\t\t\t\t\t\t\t\t<p>We organize private airport transfers for spa guests, with flight monitoring and flexible adjustments in case of delays, ensuring a calm, punctual, and stress-free arrival.<\/p>\t\t\t\t\t\t\t\t<\/div>\n\t\t\t\t<\/div>\n\t\t\t\t<\/div>\n\t\t<div class=\"elementor-element elementor-element-9754526 e-con-full e-flex e-con e-child\" data-id=\"9754526\" data-element_type=\"container\" data-e-type=\"container\">\n\t\t\t\t<div class=\"elementor-element elementor-element-6843592d elementor-widget-divider--view-line elementor-widget elementor-widget-divider\" data-id=\"6843592d\" data-element_type=\"widget\" data-e-type=\"widget\" data-widget_type=\"divider.default\">\n\t\t\t\t<div class=\"elementor-widget-container\">\n\t\t\t\t\t\t\t<div class=\"elementor-divider\">\n\t\t\t<span class=\"elementor-divider-separator\">\n\t\t\t\t\t\t<\/span>\n\t\t<\/div>\n\t\t\t\t\t\t<\/div>\n\t\t\t\t<\/div>\n\t\t\t\t<div class=\"elementor-element elementor-element-d4a9da8 elementor-widget elementor-widget-heading\" data-id=\"d4a9da8\" data-element_type=\"widget\" data-e-type=\"widget\" data-widget_type=\"heading.default\">\n\t\t\t\t<div class=\"elementor-widget-container\">\n\t\t\t\t\t<h4 class=\"elementor-heading-title elementor-size-default\">International wellness transfers<\/h4>\t\t\t\t<\/div>\n\t\t\t\t<\/div>\n\t\t\t\t<div class=\"elementor-element elementor-element-61c0cafd elementor-widget elementor-widget-text-editor\" data-id=\"61c0cafd\" data-element_type=\"widget\" data-e-type=\"widget\" data-widget_type=\"text-editor.default\">\n\t\t\t\t<div class=\"elementor-widget-container\">\n\t\t\t\t\t\t\t\t\t<p>Reliable transfers between cities, hotels, and wellness destinations across Slovenia, Austria, Italy, Hungary, and throughout Europe. Each journey is tailored to the guest\u2019s schedule, without rushing or compromise.<\/p>\t\t\t\t\t\t\t\t<\/div>\n\t\t\t\t<\/div>\n\t\t\t\t<\/div>\n\t\t\t\t<\/div>\n\t\t<div class=\"elementor-element elementor-element-14499604 e-con-full e-flex e-con e-child\" data-id=\"14499604\" data-element_type=\"container\" data-e-type=\"container\">\n\t\t<div class=\"elementor-element elementor-element-3d33a6d6 e-con-full e-flex e-con e-child\" data-id=\"3d33a6d6\" data-element_type=\"container\" data-e-type=\"container\">\n\t\t\t\t<div class=\"elementor-element elementor-element-72649943 elementor-widget-divider--view-line elementor-widget elementor-widget-divider\" data-id=\"72649943\" data-element_type=\"widget\" data-e-type=\"widget\" data-widget_type=\"divider.default\">\n\t\t\t\t<div class=\"elementor-widget-container\">\n\t\t\t\t\t\t\t<div class=\"elementor-divider\">\n\t\t\t<span class=\"elementor-divider-separator\">\n\t\t\t\t\t\t<\/span>\n\t\t<\/div>\n\t\t\t\t\t\t<\/div>\n\t\t\t\t<\/div>\n\t\t\t\t<div class=\"elementor-element elementor-element-3c014e7e elementor-widget elementor-widget-heading\" data-id=\"3c014e7e\" data-element_type=\"widget\" data-e-type=\"widget\" data-widget_type=\"heading.default\">\n\t\t\t\t<div class=\"elementor-widget-container\">\n\t\t\t\t\t<h4 class=\"elementor-heading-title elementor-size-default\">Transfers between spa and wellness resorts<\/h4>\t\t\t\t<\/div>\n\t\t\t\t<\/div>\n\t\t\t\t<div class=\"elementor-element elementor-element-7e9aa159 elementor-widget elementor-widget-text-editor\" data-id=\"7e9aa159\" data-element_type=\"widget\" data-e-type=\"widget\" data-widget_type=\"text-editor.default\">\n\t\t\t\t<div class=\"elementor-widget-container\">\n\t\t\t\t\t\t\t\t\t<p>Specialized transfers between spa resorts such as <strong data-start=\"2324\" data-end=\"2343\">Roga\u0161ka Slatina<\/strong>, <strong data-start=\"2345\" data-end=\"2354\">H\u00e9v\u00edz<\/strong> and other wellness destinations. Ideal for guests combining multiple spa programs within a single journey.<\/p>\t\t\t\t\t\t\t\t<\/div>\n\t\t\t\t<\/div>\n\t\t\t\t<\/div>\n\t\t<div class=\"elementor-element elementor-element-73d4e64b e-con-full e-flex e-con e-child\" data-id=\"73d4e64b\" data-element_type=\"container\" data-e-type=\"container\">\n\t\t\t\t<div class=\"elementor-element elementor-element-1bacc695 elementor-widget-divider--view-line elementor-widget elementor-widget-divider\" data-id=\"1bacc695\" data-element_type=\"widget\" data-e-type=\"widget\" data-widget_type=\"divider.default\">\n\t\t\t\t<div class=\"elementor-widget-container\">\n\t\t\t\t\t\t\t<div class=\"elementor-divider\">\n\t\t\t<span class=\"elementor-divider-separator\">\n\t\t\t\t\t\t<\/span>\n\t\t<\/div>\n\t\t\t\t\t\t<\/div>\n\t\t\t\t<\/div>\n\t\t\t\t<div class=\"elementor-element elementor-element-2b620cf3 elementor-widget elementor-widget-heading\" data-id=\"2b620cf3\" data-element_type=\"widget\" data-e-type=\"widget\" data-widget_type=\"heading.default\">\n\t\t\t\t<div class=\"elementor-widget-container\">\n\t\t\t\t\t<h4 class=\"elementor-heading-title elementor-size-default\">Waiting time and full-day wellness transfers<\/h4>\t\t\t\t<\/div>\n\t\t\t\t<\/div>\n\t\t\t\t<div class=\"elementor-element elementor-element-7e0493f6 elementor-widget elementor-widget-text-editor\" data-id=\"7e0493f6\" data-element_type=\"widget\" data-e-type=\"widget\" data-widget_type=\"text-editor.default\">\n\t\t\t\t<div class=\"elementor-widget-container\">\n\t\t\t\t\t\t\t\t\t<p>We offer waiting services or full-day vehicle hire with a driver for wellness programs, treatments, or combined destinations, fully arranged according to the guest\u2019s preferences.<\/p>\t\t\t\t\t\t\t\t<\/div>\n\t\t\t\t<\/div>\n\t\t\t\t<\/div>\n\t\t\t\t<\/div>\n\t\t\t\t<\/div>\n\t\t\t\t\t<\/div>\n\t\t\t\t<\/div>\n\t\t<div class=\"elementor-element elementor-element-7e0d52b e-flex e-con-boxed e-con e-parent\" data-id=\"7e0d52b\" data-element_type=\"container\" data-e-type=\"container\" data-settings=\"{&quot;background_background&quot;:&quot;classic&quot;}\">\n\t\t\t\t\t<div class=\"e-con-inner\">\n\t\t<div class=\"elementor-element elementor-element-66de2e24 e-con-full e-flex e-con e-child\" data-id=\"66de2e24\" data-element_type=\"container\" data-e-type=\"container\">\n\t\t<div class=\"elementor-element elementor-element-2648ba3f e-con-full e-flex e-con e-child\" data-id=\"2648ba3f\" data-element_type=\"container\" data-e-type=\"container\">\n\t\t<div class=\"elementor-element elementor-element-63053eca e-con-full e-flex e-con e-child\" data-id=\"63053eca\" data-element_type=\"container\" data-e-type=\"container\">\n\t\t\t\t<div class=\"elementor-element elementor-element-3bb297d4 elementor-widget elementor-widget-heading\" data-id=\"3bb297d4\" data-element_type=\"widget\" data-e-type=\"widget\" data-widget_type=\"heading.default\">\n\t\t\t\t<div class=\"elementor-widget-container\">\n\t\t\t\t\t<h2 class=\"elementor-heading-title elementor-size-default\">A peaceful arrival.\nA comfortable journey.\nA complete wellness experience.<\/h2>\t\t\t\t<\/div>\n\t\t\t\t<\/div>\n\t\t\t\t<\/div>\n\t\t\t\t<\/div>\n\t\t<div class=\"elementor-element elementor-element-13397e98 e-con-full e-flex e-con e-child\" data-id=\"13397e98\" data-element_type=\"container\" data-e-type=\"container\">\n\t\t<div class=\"elementor-element elementor-element-18783031 e-con-full e-flex e-con e-child\" data-id=\"18783031\" data-element_type=\"container\" data-e-type=\"container\">\n\t\t\t\t<div class=\"elementor-element elementor-element-28b7b130 elementor-mobile-align-center elementor-widget elementor-widget-button\" data-id=\"28b7b130\" data-element_type=\"widget\" data-e-type=\"widget\" data-widget_type=\"button.default\">\n\t\t\t\t<div class=\"elementor-widget-container\">\n\t\t\t\t\t\t\t\t\t<div class=\"elementor-button-wrapper\">\n\t\t\t\t\t<a class=\"elementor-button elementor-button-link elementor-size-sm\" href=\"https:\/\/fruk.si\/en\/kontaktirajte-nas\/\">\n\t\t\t\t\t\t<span class=\"elementor-button-content-wrapper\">\n\t\t\t\t\t\t\t\t\t<span class=\"elementor-button-text\">Book Your Transfer<\/span>\n\t\t\t\t\t<\/span>\n\t\t\t\t\t<\/a>\n\t\t\t\t<\/div>\n\t\t\t\t\t\t\t\t<\/div>\n\t\t\t\t<\/div>\n\t\t\t\t<\/div>\n\t\t<div class=\"elementor-element elementor-element-4209efd0 e-con-full e-flex e-con e-child\" data-id=\"4209efd0\" data-element_type=\"container\" data-e-type=\"container\">\n\t\t\t\t<div class=\"elementor-element elementor-element-6ee964c elementor-widget elementor-widget-heading\" data-id=\"6ee964c\" data-element_type=\"widget\" data-e-type=\"widget\" data-widget_type=\"heading.default\">\n\t\t\t\t<div class=\"elementor-widget-container\">\n\t\t\t\t\t<h6 class=\"elementor-heading-title elementor-size-default\">Call to Book: <\/h6>\t\t\t\t<\/div>\n\t\t\t\t<\/div>\n\t\t\t\t<div class=\"elementor-element elementor-element-789ccd92 elementor-widget elementor-widget-heading\" data-id=\"789ccd92\" data-element_type=\"widget\" data-e-type=\"widget\" data-widget_type=\"heading.default\">\n\t\t\t\t<div class=\"elementor-widget-container\">\n\t\t\t\t\t<h3 class=\"elementor-heading-title elementor-size-default\"><a href=\"https:\/\/wa.me\/38670133758\">+386 70 133 758<\/a><\/h3>\t\t\t\t<\/div>\n\t\t\t\t<\/div>\n\t\t\t\t<\/div>\n\t\t\t\t<\/div>\n\t\t\t\t<\/div>\n\t\t\t\t\t<\/div>\n\t\t\t\t<\/div>\n\t\t\t\t<\/div>","protected":false},"excerpt":{"rendered":"<p>Spa &amp; Wellness transferji Zasebni, udobni in zanesljivi prevozi za goste zdravili\u0161\u010d in wellness centrov po Sloveniji in Srednji Evropi. Specializirani prevozi za goste zdravili\u0161\u010d in wellness centrov Nudimo profesionalne spa in wellness transferje za doma\u010de in tuje goste, ki potujejo v zdravili\u0161\u010da po Sloveniji in Srednji Evropi.Na\u0161a storitev je namenjena gostom, ki pri\u010dakujejo zanesljivost, [&hellip;]<\/p>\n","protected":false},"author":1,"featured_media":0,"parent":0,"menu_order":0,"comment_status":"closed","ping_status":"closed","template":"","meta":{"site-sidebar-layout":"no-sidebar","site-content-layout":"page-builder","ast-site-content-layout":"full-width-container","site-content-style":"default","site-sidebar-style":"unboxed","ast-global-header-display":"","ast-banner-title-visibility":"","ast-main-header-display":"","ast-hfb-above-header-display":"","ast-hfb-below-header-display":"","ast-hfb-mobile-header-display":"","site-post-title":"disabled","ast-breadcrumbs-content":"","ast-featured-img":"disabled","footer-sml-layout":"","ast-disable-related-posts":"","theme-transparent-header-meta":"enabled","adv-header-id-meta":"","stick-header-meta":"","header-above-stick-meta":"","header-main-stick-meta":"","header-below-stick-meta":"","astra-migrate-meta-layouts":"set","ast-page-background-enabled":"default","ast-page-background-meta":{"desktop":{"background-color":"","background-image":"","background-repeat":"repeat","background-position":"center center","background-size":"auto","background-attachment":"scroll","background-type":"","background-media":"","overlay-type":"","overlay-color":"","overlay-opacity":"","overlay-gradient":""},"tablet":{"background-color":"","background-image":"","background-repeat":"repeat","background-position":"center center","background-size":"auto","background-attachment":"scroll","background-type":"","background-media":"","overlay-type":"","overlay-color":"","overlay-opacity":"","overlay-gradient":""},"mobile":{"background-color":"","background-image":"","background-repeat":"repeat","background-position":"center center","background-size":"auto","background-attachment":"scroll","background-type":"","background-media":"","overlay-type":"","overlay-color":"","overlay-opacity":"","overlay-gradient":""}},"ast-content-background-meta":{"desktop":{"background-color":"var(--ast-global-color-5)","background-image":"","background-repeat":"repeat","background-position":"center center","background-size":"auto","background-attachment":"scroll","background-type":"","background-media":"","overlay-type":"","overlay-color":"","overlay-opacity":"","overlay-gradient":""},"tablet":{"background-color":"var(--ast-global-color-5)","background-image":"","background-repeat":"repeat","background-position":"center center","background-size":"auto","background-attachment":"scroll","background-type":"","background-media":"","overlay-type":"","overlay-color":"","overlay-opacity":"","overlay-gradient":""},"mobile":{"background-color":"var(--ast-global-color-5)","background-image":"","background-repeat":"repeat","background-position":"center center","background-size":"auto","background-attachment":"scroll","background-type":"","background-media":"","overlay-type":"","overlay-color":"","overlay-opacity":"","overlay-gradient":""}},"footnotes":""},"class_list":["post-2190","page","type-page","status-publish","hentry"],"_links":{"self":[{"href":"https:\/\/fruk.si\/en\/wp-json\/wp\/v2\/pages\/2190","targetHints":{"allow":["GET"]}}],"collection":[{"href":"https:\/\/fruk.si\/en\/wp-json\/wp\/v2\/pages"}],"about":[{"href":"https:\/\/fruk.si\/en\/wp-json\/wp\/v2\/types\/page"}],"author":[{"embeddable":true,"href":"https:\/\/fruk.si\/en\/wp-json\/wp\/v2\/users\/1"}],"replies":[{"embeddable":true,"href":"https:\/\/fruk.si\/en\/wp-json\/wp\/v2\/comments?post=2190"}],"version-history":[{"count":29,"href":"https:\/\/fruk.si\/en\/wp-json\/wp\/v2\/pages\/2190\/revisions"}],"predecessor-version":[{"id":2291,"href":"https:\/\/fruk.si\/en\/wp-json\/wp\/v2\/pages\/2190\/revisions\/2291"}],"wp:attachment":[{"href":"https:\/\/fruk.si\/en\/wp-json\/wp\/v2\/media?parent=2190"}],"curies":[{"name":"wp","href":"https:\/\/api.w.org\/{rel}","templated":true}]}}